{"id":202,"date":"2023-12-23T22:36:43","date_gmt":"2023-12-23T21:36:43","guid":{"rendered":"https:\/\/dissyauxpapilles.fr\/?page_id=202"},"modified":"2023-12-28T13:26:09","modified_gmt":"2023-12-28T12:26:09","slug":"mentions-legales","status":"publish","type":"page","link":"https:\/\/dissyauxpapilles.fr\/index.php\/mentions-legales\/","title":{"rendered":"Mentions l\u00e9gales"},"content":{"rendered":"\n<p><strong>1. IDENTITE DE L&rsquo;ENTREPRISE<\/strong><\/p>\n\n\n\n<p>D&rsquo;Issy aux papilles<br>Robin CUBLIER, entrepreneur individuel<br>29 route de Cuzy &#8211; 71760 Issy-l&rsquo;\u00e9v\u00eaque &#8211; France<br><strong>Num\u00e9ro d&rsquo;immatriculation au RM :<\/strong> 9<br><em>TVA non applicable &#8211; article 293 B du CGI: CGI : Code g\u00e9n\u00e9ral des imp\u00f4ts<\/em><br><strong>Mail :<\/strong> dissyauxpapilles@gmail.com<\/p>\n\n\n\n<p>\u00c0 fleur de pain<br>Marion GAUCHERAND, entrepreneuse individuelle<br>29 route de Cuzy 71760 &#8211; Issy-l&rsquo;\u00e9v\u00eaque &#8211; France<br><strong>Num\u00e9ro d&rsquo;immatriculation au RM :<\/strong> 917.538.456 RM 71<br><em>TVA non applicable &#8211; article 293 B du CGI: CGI : Code g\u00e9n\u00e9ral des imp\u00f4ts<\/em><br><strong>Activit\u00e9 r\u00e9glement\u00e9e :<\/strong> CAP Boulanger d\u00e9livr\u00e9 par le Minist\u00e8re de l&rsquo;\u00e9ducation nationale, de la jeunesse et des sports, Acad\u00e9mie de Lyon.<br><strong>Mail :<\/strong> afleurdepain71@gmail.com<\/p>\n\n\n\n<p>Le site https:\/\/dissyauxpapilles.fr\/ est la propri\u00e9t\u00e9 commune des entreprises D&rsquo;Issy aux papilles et \u00c0 fleur de pain.<\/p>\n\n\n\n<p><strong>H\u00e9bergeur du site :<\/strong> OVH SAS, 2 rue Kellermann &#8211; 59100 Roubaix &#8211; France<\/p>\n\n\n\n<p><strong>2. CONDITIONS GENERALES DE VENTE<\/strong><\/p>\n\n\n\n<p>Les conditions g\u00e9n\u00e9rales de vente (CGV) applicables au site https:\/\/dissyauxpapilles.fr\/ sont disponibles sur la page <a href=\"https:\/\/dissyauxpapilles.fr\/index.php\/conditions-generales-de-vente\/\" data-type=\"link\" data-id=\"https:\/\/dissyauxpapilles.fr\/index.php\/conditions-generales-de-vente\/\">https:\/\/dissyauxpapilles.fr\/index.php\/conditions-generales-de-vente\/<\/a> .<\/p>\n\n\n\n<p><strong>3. TRAITEMENT DES DONNEES PERSONNELLES ET UTILISATION DE COOKIES<\/strong><\/p>\n\n\n\n<p>Les informations concernant le traitement des donn\u00e9es personnelles et l&rsquo;utilisation de cookies sur le site https:\/\/dissyauxpapilles.fr\/ sont disponibles sur la page <a href=\"https:\/\/dissyauxpapilles.fr\/index.php\/politique-de-confidentialite\/\">https:\/\/dissyauxpapilles.fr\/index.php\/politique-de-confidentialite\/<\/a>.<\/p>\n","protected":false},"excerpt":{"rendered":"<p>1. IDENTITE DE L&rsquo;ENTREPRISE D&rsquo;Issy aux papillesRobin CUBLIER, entrepreneur individuel29 route de Cuzy &#8211; 71760 Issy-l&rsquo;\u00e9v\u00eaque &#8211; FranceNum\u00e9ro d&rsquo;immatriculation au RM : 9TVA non applicable &#8211; article 293 B du CGI: CGI : Code g\u00e9n\u00e9ral des imp\u00f4tsMail : dissyauxpapilles@gmail.com \u00c0 fleur de painMarion GAUCHERAND, entrepreneuse individuelle29 route de Cuzy 71760 &#8211; Issy-l&rsquo;\u00e9v\u00eaque &#8211; FranceNum\u00e9ro d&rsquo;immatriculation [&hellip;]<\/p>\n","protected":false},"author":1,"featured_media":0,"parent":0,"menu_order":0,"comment_status":"closed","ping_status":"closed","template":"","meta":{"advanced_seo_description":"","jetpack_seo_html_title":"","jetpack_seo_noindex":false,"ocean_post_layout":"full-width","ocean_both_sidebars_style":"","ocean_both_sidebars_content_width":0,"ocean_both_sidebars_sidebars_width":0,"ocean_sidebar":"","ocean_second_sidebar":"","ocean_disable_margins":"enable","ocean_add_body_class":"","ocean_shortcode_before_top_bar":"","ocean_shortcode_after_top_bar":"","ocean_shortcode_before_header":"","ocean_shortcode_after_header":"","ocean_has_shortcode":"","ocean_shortcode_after_title":"","ocean_shortcode_before_footer_widgets":"","ocean_shortcode_after_footer_widgets":"","ocean_shortcode_before_footer_bottom":"","ocean_shortcode_after_footer_bottom":"","ocean_display_top_bar":"default","ocean_display_header":"default","ocean_header_style":"","ocean_center_header_left_menu":"","ocean_custom_header_template":"","ocean_custom_logo":0,"ocean_custom_retina_logo":0,"ocean_custom_logo_max_width":0,"ocean_custom_logo_tablet_max_width":0,"ocean_custom_logo_mobile_max_width":0,"ocean_custom_logo_max_height":0,"ocean_custom_logo_tablet_max_height":0,"ocean_custom_logo_mobile_max_height":0,"ocean_header_custom_menu":"","ocean_menu_typo_font_family":"","ocean_menu_typo_font_subset":"","ocean_menu_typo_font_size":0,"ocean_menu_typo_font_size_tablet":0,"ocean_menu_typo_font_size_mobile":0,"ocean_menu_typo_font_size_unit":"px","ocean_menu_typo_font_weight":"","ocean_menu_typo_font_weight_tablet":"","ocean_menu_typo_font_weight_mobile":"","ocean_menu_typo_transform":"","ocean_menu_typo_transform_tablet":"","ocean_menu_typo_transform_mobile":"","ocean_menu_typo_line_height":0,"ocean_menu_typo_line_height_tablet":0,"ocean_menu_typo_line_height_mobile":0,"ocean_menu_typo_line_height_unit":"","ocean_menu_typo_spacing":0,"ocean_menu_typo_spacing_tablet":0,"ocean_menu_typo_spacing_mobile":0,"ocean_menu_typo_spacing_unit":"","ocean_menu_link_color":"","ocean_menu_link_color_hover":"","ocean_menu_link_color_active":"","ocean_menu_link_background":"","ocean_menu_link_hover_background":"","ocean_menu_link_active_background":"","ocean_menu_social_links_bg":"","ocean_menu_social_hover_links_bg":"","ocean_menu_social_links_color":"","ocean_menu_social_hover_links_color":"","ocean_disable_title":"default","ocean_disable_heading":"default","ocean_post_title":"","ocean_post_subheading":"","ocean_post_title_style":"","ocean_post_title_background_color":"","ocean_post_title_background":0,"ocean_post_title_bg_image_position":"","ocean_post_title_bg_image_attachment":"","ocean_post_title_bg_image_repeat":"","ocean_post_title_bg_image_size":"","ocean_post_title_height":0,"ocean_post_title_bg_overlay":0.5,"ocean_post_title_bg_overlay_color":"","ocean_disable_breadcrumbs":"default","ocean_breadcrumbs_color":"","ocean_breadcrumbs_separator_color":"","ocean_breadcrumbs_links_color":"","ocean_breadcrumbs_links_hover_color":"","ocean_display_footer_widgets":"default","ocean_display_footer_bottom":"default","ocean_custom_footer_template":"","footnotes":""},"class_list":["post-202","page","type-page","status-publish","hentry","entry","owp-thumbs-layout-horizontal","owp-btn-normal","owp-tabs-layout-horizontal","has-no-thumbnails","has-product-nav"],"jetpack_sharing_enabled":true,"_links":{"self":[{"href":"https:\/\/dissyauxpapilles.fr\/index.php\/wp-json\/wp\/v2\/pages\/202","targetHints":{"allow":["GET"]}}],"collection":[{"href":"https:\/\/dissyauxpapilles.fr\/index.php\/wp-json\/wp\/v2\/pages"}],"about":[{"href":"https:\/\/dissyauxpapilles.fr\/index.php\/wp-json\/wp\/v2\/types\/page"}],"author":[{"embeddable":true,"href":"https:\/\/dissyauxpapilles.fr\/index.php\/wp-json\/wp\/v2\/users\/1"}],"replies":[{"embeddable":true,"href":"https:\/\/dissyauxpapilles.fr\/index.php\/wp-json\/wp\/v2\/comments?post=202"}],"version-history":[{"count":6,"href":"https:\/\/dissyauxpapilles.fr\/index.php\/wp-json\/wp\/v2\/pages\/202\/revisions"}],"predecessor-version":[{"id":225,"href":"https:\/\/dissyauxpapilles.fr\/index.php\/wp-json\/wp\/v2\/pages\/202\/revisions\/225"}],"wp:attachment":[{"href":"https:\/\/dissyauxpapilles.fr\/index.php\/wp-json\/wp\/v2\/media?parent=202"}],"curies":[{"name":"wp","href":"https:\/\/api.w.org\/{rel}","templated":true}]}}