{"id":21,"date":"2023-12-12T14:02:50","date_gmt":"2023-12-12T13:02:50","guid":{"rendered":"http:\/\/dissyauxpapilles.fr\/?page_id=21"},"modified":"2024-01-19T14:12:50","modified_gmt":"2024-01-19T13:12:50","slug":"a-propos-de-nous","status":"publish","type":"page","link":"https:\/\/dissyauxpapilles.fr\/index.php\/a-propos-de-nous\/","title":{"rendered":"\u00c0 propos de nous"},"content":{"rendered":"\n<div class=\"wp-block-columns is-layout-flex wp-container-core-columns-is-layout-9d6595d7 wp-block-columns-is-layout-flex\">\n<div class=\"wp-block-column is-layout-flow wp-block-column-is-layout-flow\">\n<div style=\"height:50px\" aria-hidden=\"true\" class=\"wp-block-spacer\"><\/div>\n\n\n\n<p class=\"has-text-align-center\">Nous sommes Marion et Robin, arriv\u00e9s dans le joli village d\u2019Issy-l\u2019\u00e9v\u00eaque (71) en 2021 avec des r\u00eaves et des projets plein la t\u00eate !<\/p>\n\n\n\n<p class=\"has-text-align-center\">Nous avons d\u00e9but\u00e9 notre aventure <em>D\u2019Issy aux papilles &amp; \u00c0 fleur de pain<\/em> inspir\u00e9s par les principes de la permaculture, un profond amour pour la nature et l\u2019envie de participer \u00e0 notre \u00e9chelle \u00e0 la construction d\u2019un monde plus respectueux de l\u2019environnement.<\/p>\n\n\n\n<p class=\"has-text-align-center\">Nous d\u00e9veloppons chacun nos petites entreprises : le fournil <em>\u00c0 fleur de pain <\/em>et la gamme de produits <em>D\u2019Issy aux papilles<\/em> prennent place au coeur de notre ferme et de nos vies. <\/p>\n\n\n\n<p class=\"has-text-align-center\">En cultivant nos herbes, nos l\u00e9gumes et nos fruits, en plantant de nombreux arbres et arbustes entour\u00e9s de nos animaux, nous travaillons \u00e0 redonner sa place \u00e0 la nature dans notre petite ferme. <\/p>\n\n\n\n<p class=\"has-text-align-center\">Pour plonger avec nous dans notre univers, retrouvez-nous sur les r\u00e9seaux ! Vous pourrez suivre la cr\u00e9ation de nos produits, les diff\u00e9rents travaux de la ferme et d\u00e9couvrir notre petite tribu \u00e0 plumes et \u00e0 poils !<\/p>\n\n\n\n<div class=\"wp-block-buttons is-content-justification-center is-layout-flex wp-container-core-buttons-is-layout-16018d1d wp-block-buttons-is-layout-flex\">\n<div class=\"wp-block-button\"><a class=\"wp-block-button__link has-text-align-center wp-element-button\" href=\"https:\/\/dissyauxpapilles.fr\/index.php\/boutique\/\" target=\"_blank\" rel=\"noreferrer noopener\">Nos produits<\/a><\/div>\n\n\n\n<div class=\"wp-block-button\"><a class=\"wp-block-button__link has-text-align-center wp-element-button\" href=\"https:\/\/www.facebook.com\/dissyauxpapilles\" target=\"_blank\" rel=\"noreferrer noopener\">Facebook<\/a><\/div>\n\n\n\n<div class=\"wp-block-button\"><a class=\"wp-block-button__link has-text-align-center wp-element-button\" href=\"https:\/\/www.instagram.com\/dissyauxpapilles\/\" target=\"_blank\" rel=\"noreferrer noopener\">Instagram<\/a><\/div>\n<\/div>\n\n\n\n<div style=\"height:100px\" aria-hidden=\"true\" class=\"wp-block-spacer\"><\/div>\n<\/div>\n\n\n\n<div class=\"wp-block-column is-layout-flow wp-block-column-is-layout-flow\"><div class=\"wp-block-image\">\n<figure class=\"aligncenter size-large is-resized\"><img loading=\"lazy\" decoding=\"async\" width=\"682\" height=\"1024\" src=\"https:\/\/dissyauxpapilles.fr\/wp-content\/uploads\/2024\/01\/Design-sans-titre-min-682x1024.png\" alt=\"\" class=\"wp-image-271\" style=\"aspect-ratio:2\/3;object-fit:cover;width:400px\" srcset=\"https:\/\/dissyauxpapilles.fr\/wp-content\/uploads\/2024\/01\/Design-sans-titre-min-682x1024.png 682w, https:\/\/dissyauxpapilles.fr\/wp-content\/uploads\/2024\/01\/Design-sans-titre-min-200x300.png 200w, https:\/\/dissyauxpapilles.fr\/wp-content\/uploads\/2024\/01\/Design-sans-titre-min-768x1152.png 768w, https:\/\/dissyauxpapilles.fr\/wp-content\/uploads\/2024\/01\/Design-sans-titre-min-1024x1536.png 1024w, https:\/\/dissyauxpapilles.fr\/wp-content\/uploads\/2024\/01\/Design-sans-titre-min-1320x1980.png 1320w, https:\/\/dissyauxpapilles.fr\/wp-content\/uploads\/2024\/01\/Design-sans-titre-min-600x900.png 600w, https:\/\/dissyauxpapilles.fr\/wp-content\/uploads\/2024\/01\/Design-sans-titre-min.png 1333w\" sizes=\"auto, (max-width: 682px) 100vw, 682px\" \/><\/figure>\n<\/div><\/div>\n<\/div>\n\n\n\n<div class=\"wp-block-columns is-layout-flex wp-container-core-columns-is-layout-9d6595d7 wp-block-columns-is-layout-flex\">\n<div class=\"wp-block-column is-layout-flow wp-block-column-is-layout-flow\"><\/div>\n\n\n\n<div class=\"wp-block-column is-layout-flow wp-block-column-is-layout-flow\"><\/div>\n<\/div>\n","protected":false},"excerpt":{"rendered":"<p>Nous sommes Marion et Robin, arriv\u00e9s dans le joli village d\u2019Issy-l\u2019\u00e9v\u00eaque (71) en 2021 avec des r\u00eaves et des projets plein la t\u00eate ! Nous avons d\u00e9but\u00e9 notre aventure D\u2019Issy aux papilles &amp; \u00c0 fleur de pain inspir\u00e9s par les principes de la permaculture, un profond amour pour la nature et l\u2019envie de participer \u00e0 [&hellip;]<\/p>\n","protected":false},"author":1,"featured_media":0,"parent":0,"menu_order":0,"comment_status":"closed","ping_status":"closed","template":"","meta":{"advanced_seo_description":"","jetpack_seo_html_title":"","jetpack_seo_noindex":false,"ocean_post_layout":"full-width","ocean_both_sidebars_style":"","ocean_both_sidebars_content_width":0,"ocean_both_sidebars_sidebars_width":0,"ocean_sidebar":"","ocean_second_sidebar":"","ocean_disable_margins":"enable","ocean_add_body_class":"","ocean_shortcode_before_top_bar":"","ocean_shortcode_after_top_bar":"","ocean_shortcode_before_header":"","ocean_shortcode_after_header":"","ocean_has_shortcode":"","ocean_shortcode_after_title":"","ocean_shortcode_before_footer_widgets":"","ocean_shortcode_after_footer_widgets":"","ocean_shortcode_before_footer_bottom":"","ocean_shortcode_after_footer_bottom":"","ocean_display_top_bar":"default","ocean_display_header":"default","ocean_header_style":"","ocean_center_header_left_menu":"","ocean_custom_header_template":"","ocean_custom_logo":0,"ocean_custom_retina_logo":0,"ocean_custom_logo_max_width":0,"ocean_custom_logo_tablet_max_width":0,"ocean_custom_logo_mobile_max_width":0,"ocean_custom_logo_max_height":0,"ocean_custom_logo_tablet_max_height":0,"ocean_custom_logo_mobile_max_height":0,"ocean_header_custom_menu":"","ocean_menu_typo_font_family":"","ocean_menu_typo_font_subset":"","ocean_menu_typo_font_size":0,"ocean_menu_typo_font_size_tablet":0,"ocean_menu_typo_font_size_mobile":0,"ocean_menu_typo_font_size_unit":"px","ocean_menu_typo_font_weight":"","ocean_menu_typo_font_weight_tablet":"","ocean_menu_typo_font_weight_mobile":"","ocean_menu_typo_transform":"","ocean_menu_typo_transform_tablet":"","ocean_menu_typo_transform_mobile":"","ocean_menu_typo_line_height":0,"ocean_menu_typo_line_height_tablet":0,"ocean_menu_typo_line_height_mobile":0,"ocean_menu_typo_line_height_unit":"","ocean_menu_typo_spacing":0,"ocean_menu_typo_spacing_tablet":0,"ocean_menu_typo_spacing_mobile":0,"ocean_menu_typo_spacing_unit":"","ocean_menu_link_color":"","ocean_menu_link_color_hover":"","ocean_menu_link_color_active":"","ocean_menu_link_background":"","ocean_menu_link_hover_background":"","ocean_menu_link_active_background":"","ocean_menu_social_links_bg":"","ocean_menu_social_hover_links_bg":"","ocean_menu_social_links_color":"","ocean_menu_social_hover_links_color":"","ocean_disable_title":"default","ocean_disable_heading":"default","ocean_post_title":"","ocean_post_subheading":"","ocean_post_title_style":"","ocean_post_title_background_color":"","ocean_post_title_background":0,"ocean_post_title_bg_image_position":"","ocean_post_title_bg_image_attachment":"","ocean_post_title_bg_image_repeat":"","ocean_post_title_bg_image_size":"","ocean_post_title_height":0,"ocean_post_title_bg_overlay":0.5,"ocean_post_title_bg_overlay_color":"","ocean_disable_breadcrumbs":"default","ocean_breadcrumbs_color":"","ocean_breadcrumbs_separator_color":"","ocean_breadcrumbs_links_color":"","ocean_breadcrumbs_links_hover_color":"","ocean_display_footer_widgets":"default","ocean_display_footer_bottom":"default","ocean_custom_footer_template":"","footnotes":""},"class_list":["post-21","page","type-page","status-publish","hentry","entry","owp-thumbs-layout-horizontal","owp-btn-normal","owp-tabs-layout-horizontal","has-no-thumbnails","has-product-nav"],"jetpack_sharing_enabled":true,"_links":{"self":[{"href":"https:\/\/dissyauxpapilles.fr\/index.php\/wp-json\/wp\/v2\/pages\/21","targetHints":{"allow":["GET"]}}],"collection":[{"href":"https:\/\/dissyauxpapilles.fr\/index.php\/wp-json\/wp\/v2\/pages"}],"about":[{"href":"https:\/\/dissyauxpapilles.fr\/index.php\/wp-json\/wp\/v2\/types\/page"}],"author":[{"embeddable":true,"href":"https:\/\/dissyauxpapilles.fr\/index.php\/wp-json\/wp\/v2\/users\/1"}],"replies":[{"embeddable":true,"href":"https:\/\/dissyauxpapilles.fr\/index.php\/wp-json\/wp\/v2\/comments?post=21"}],"version-history":[{"count":20,"href":"https:\/\/dissyauxpapilles.fr\/index.php\/wp-json\/wp\/v2\/pages\/21\/revisions"}],"predecessor-version":[{"id":276,"href":"https:\/\/dissyauxpapilles.fr\/index.php\/wp-json\/wp\/v2\/pages\/21\/revisions\/276"}],"wp:attachment":[{"href":"https:\/\/dissyauxpapilles.fr\/index.php\/wp-json\/wp\/v2\/media?parent=21"}],"curies":[{"name":"wp","href":"https:\/\/api.w.org\/{rel}","templated":true}]}}