{"id":37,"date":"2023-12-13T12:40:35","date_gmt":"2023-12-13T11:40:35","guid":{"rendered":"https:\/\/dissyauxpapilles.fr\/?page_id=37"},"modified":"2024-06-01T09:06:24","modified_gmt":"2024-06-01T07:06:24","slug":"accueil","status":"publish","type":"page","link":"https:\/\/dissyauxpapilles.fr\/","title":{"rendered":"Accueil"},"content":{"rendered":"\n<div class=\"wp-block-columns is-layout-flex wp-container-core-columns-is-layout-9d6595d7 wp-block-columns-is-layout-flex\">\n<div class=\"wp-block-column is-layout-flow wp-block-column-is-layout-flow\" style=\"flex-basis:66.66%\"><div class=\"wp-block-image\">\n<figure class=\"alignleft size-large is-resized\"><img loading=\"lazy\" decoding=\"async\" width=\"1024\" height=\"819\" src=\"https:\/\/dissyauxpapilles.fr\/wp-content\/uploads\/2024\/01\/Photos-pro-min-1-1024x819.png\" alt=\"\" class=\"wp-image-228\" style=\"width:650px\" srcset=\"https:\/\/dissyauxpapilles.fr\/wp-content\/uploads\/2024\/01\/Photos-pro-min-1-1024x819.png 1024w, https:\/\/dissyauxpapilles.fr\/wp-content\/uploads\/2024\/01\/Photos-pro-min-1-300x240.png 300w, https:\/\/dissyauxpapilles.fr\/wp-content\/uploads\/2024\/01\/Photos-pro-min-1-768x614.png 768w, https:\/\/dissyauxpapilles.fr\/wp-content\/uploads\/2024\/01\/Photos-pro-min-1-1536x1229.png 1536w, https:\/\/dissyauxpapilles.fr\/wp-content\/uploads\/2024\/01\/Photos-pro-min-1-1320x1056.png 1320w, https:\/\/dissyauxpapilles.fr\/wp-content\/uploads\/2024\/01\/Photos-pro-min-1-600x480.png 600w, https:\/\/dissyauxpapilles.fr\/wp-content\/uploads\/2024\/01\/Photos-pro-min-1.png 2000w\" sizes=\"auto, (max-width: 1024px) 100vw, 1024px\" \/><\/figure>\n<\/div><\/div>\n\n\n\n<div class=\"wp-block-column is-vertically-aligned-center is-layout-flow wp-block-column-is-layout-flow\" style=\"flex-basis:50%\">\n<p class=\"has-text-align-center\" style=\"font-size:30px\"><em>D&rsquo;Issy aux papilles<\/em><br><em>&amp; \u00c0 fleur de pain<\/em><\/p>\n\n\n\n<p class=\"has-text-align-center\" style=\"font-size:18px\">Produits artisanaux et naturels \u00e0 Issy-l&rsquo;\u00e9v\u00eaque<br>(Sa\u00f4ne-et-Loire, Bourgogne)<\/p>\n\n\n\n<div class=\"wp-block-buttons is-content-justification-center is-layout-flex wp-container-core-buttons-is-layout-16018d1d wp-block-buttons-is-layout-flex\">\n<div class=\"wp-block-button has-custom-font-size is-style-outline is-style-outline--1\" style=\"font-size:15px\"><a class=\"wp-block-button__link has-text-color has-background has-link-color wp-element-button\" href=\"https:\/\/dissyauxpapilles.fr\/index.php\/boutique\/\" style=\"color:#6a3e21;background-color:#ded2c6\">Boutique<\/a><\/div>\n\n\n\n<div class=\"wp-block-button has-custom-font-size is-style-outline is-style-outline--2\" style=\"font-size:15px\"><a class=\"wp-block-button__link has-text-color has-background has-link-color wp-element-button\" href=\"https:\/\/dissyauxpapilles.fr\/index.php\/a-propos-de-nous\/\" style=\"border-radius:100px;color:#6a3e21;background-color:#ded2c6\">\u00c0 propos de nous<\/a><\/div>\n<\/div>\n\n\n<div class=\"wp-block-image\">\n<figure class=\"aligncenter size-full is-resized\"><img loading=\"lazy\" decoding=\"async\" width=\"981\" height=\"919\" src=\"https:\/\/dissyauxpapilles.fr\/wp-content\/uploads\/2024\/01\/Arbre-seul-fond-blanc-min.png\" alt=\"\" class=\"wp-image-253\" style=\"width:250px;height:auto\" srcset=\"https:\/\/dissyauxpapilles.fr\/wp-content\/uploads\/2024\/01\/Arbre-seul-fond-blanc-min.png 981w, https:\/\/dissyauxpapilles.fr\/wp-content\/uploads\/2024\/01\/Arbre-seul-fond-blanc-min-300x281.png 300w, https:\/\/dissyauxpapilles.fr\/wp-content\/uploads\/2024\/01\/Arbre-seul-fond-blanc-min-768x719.png 768w, https:\/\/dissyauxpapilles.fr\/wp-content\/uploads\/2024\/01\/Arbre-seul-fond-blanc-min-600x562.png 600w\" sizes=\"auto, (max-width: 981px) 100vw, 981px\" \/><\/figure>\n<\/div><\/div>\n<\/div>\n\n\n\n<div class=\"wp-block-columns is-layout-flex wp-container-core-columns-is-layout-9d6595d7 wp-block-columns-is-layout-flex\">\n<div class=\"wp-block-column is-layout-flow wp-block-column-is-layout-flow\">\n<figure class=\"wp-block-image size-full is-resized\"><img loading=\"lazy\" decoding=\"async\" width=\"200\" height=\"200\" src=\"https:\/\/dissyauxpapilles.fr\/wp-content\/uploads\/2024\/01\/diversite-min.png\" alt=\"\" class=\"wp-image-237\" style=\"width:130px\" srcset=\"https:\/\/dissyauxpapilles.fr\/wp-content\/uploads\/2024\/01\/diversite-min.png 200w, https:\/\/dissyauxpapilles.fr\/wp-content\/uploads\/2024\/01\/diversite-min-150x150.png 150w, https:\/\/dissyauxpapilles.fr\/wp-content\/uploads\/2024\/01\/diversite-min-100x100.png 100w\" sizes=\"auto, (max-width: 200px) 100vw, 200px\" \/><\/figure>\n\n\n\n<p class=\"has-text-align-center\">Des produits vari\u00e9s qui \u00e9voluent au fil des saisons.<\/p>\n<\/div>\n\n\n\n<div class=\"wp-block-column is-layout-flow wp-block-column-is-layout-flow\">\n<figure class=\"wp-block-image size-full is-resized\"><img loading=\"lazy\" decoding=\"async\" width=\"200\" height=\"200\" src=\"https:\/\/dissyauxpapilles.fr\/wp-content\/uploads\/2024\/01\/recolte-min.png\" alt=\"\" class=\"wp-image-246\" style=\"width:130px\" srcset=\"https:\/\/dissyauxpapilles.fr\/wp-content\/uploads\/2024\/01\/recolte-min.png 200w, https:\/\/dissyauxpapilles.fr\/wp-content\/uploads\/2024\/01\/recolte-min-150x150.png 150w, https:\/\/dissyauxpapilles.fr\/wp-content\/uploads\/2024\/01\/recolte-min-100x100.png 100w\" sizes=\"auto, (max-width: 200px) 100vw, 200px\" \/><\/figure>\n\n\n\n<p class=\"has-text-align-center\">Des fruits et l\u00e9gumes cultiv\u00e9s par nos soins ou par les producteurs bio et locaux.<\/p>\n<\/div>\n\n\n\n<div class=\"wp-block-column is-layout-flow wp-block-column-is-layout-flow\">\n<figure class=\"wp-block-image size-full is-resized\"><img loading=\"lazy\" decoding=\"async\" width=\"200\" height=\"200\" src=\"https:\/\/dissyauxpapilles.fr\/wp-content\/uploads\/2024\/01\/maison-min.png\" alt=\"\" class=\"wp-image-245\" style=\"width:130px\" srcset=\"https:\/\/dissyauxpapilles.fr\/wp-content\/uploads\/2024\/01\/maison-min.png 200w, https:\/\/dissyauxpapilles.fr\/wp-content\/uploads\/2024\/01\/maison-min-150x150.png 150w, https:\/\/dissyauxpapilles.fr\/wp-content\/uploads\/2024\/01\/maison-min-100x100.png 100w\" sizes=\"auto, (max-width: 200px) 100vw, 200px\" \/><\/figure>\n\n\n\n<p class=\"has-text-align-center\">100% fait maison et \u00e0 partir de produits bio.<\/p>\n<\/div>\n\n\n\n<div class=\"wp-block-column is-layout-flow wp-block-column-is-layout-flow\">\n<figure class=\"wp-block-image size-full is-resized\"><img loading=\"lazy\" decoding=\"async\" width=\"200\" height=\"200\" src=\"https:\/\/dissyauxpapilles.fr\/wp-content\/uploads\/2024\/01\/echange-min.png\" alt=\"\" class=\"wp-image-243\" style=\"width:130px\" srcset=\"https:\/\/dissyauxpapilles.fr\/wp-content\/uploads\/2024\/01\/echange-min.png 200w, https:\/\/dissyauxpapilles.fr\/wp-content\/uploads\/2024\/01\/echange-min-150x150.png 150w, https:\/\/dissyauxpapilles.fr\/wp-content\/uploads\/2024\/01\/echange-min-100x100.png 100w\" sizes=\"auto, (max-width: 200px) 100vw, 200px\" \/><\/figure>\n\n\n\n<p class=\"has-text-align-center\">Retrait gratuit directement \u00e0 la ferme ou livraison par Colissimo et Mondial Relay<\/p>\n<\/div>\n\n\n\n<div class=\"wp-block-column is-layout-flow wp-block-column-is-layout-flow\">\n<figure class=\"wp-block-image size-full is-resized\"><img loading=\"lazy\" decoding=\"async\" width=\"200\" height=\"200\" src=\"https:\/\/dissyauxpapilles.fr\/wp-content\/uploads\/2024\/01\/graines-min.png\" alt=\"\" class=\"wp-image-244\" style=\"width:130px\" srcset=\"https:\/\/dissyauxpapilles.fr\/wp-content\/uploads\/2024\/01\/graines-min.png 200w, https:\/\/dissyauxpapilles.fr\/wp-content\/uploads\/2024\/01\/graines-min-150x150.png 150w, https:\/\/dissyauxpapilles.fr\/wp-content\/uploads\/2024\/01\/graines-min-100x100.png 100w\" sizes=\"auto, (max-width: 200px) 100vw, 200px\" \/><\/figure>\n\n\n\n<p class=\"has-text-align-center\">Acheter nos produits, c&rsquo;est aussi participer au reboisement de plusieurs hectares et \u00e0 la sauvegarde de vari\u00e9t\u00e9s fruiti\u00e8res anciennes.<\/p>\n<\/div>\n<\/div>\n","protected":false},"excerpt":{"rendered":"<p>D&rsquo;Issy aux papilles&amp; \u00c0 fleur de pain Produits artisanaux et naturels \u00e0 Issy-l&rsquo;\u00e9v\u00eaque(Sa\u00f4ne-et-Loire, Bourgogne) Des produits vari\u00e9s qui \u00e9voluent au fil des saisons. Des fruits et l\u00e9gumes cultiv\u00e9s par nos soins ou par les producteurs bio et locaux. 100% fait maison et \u00e0 partir de produits bio. Retrait gratuit directement \u00e0 la ferme ou livraison [&hellip;]<\/p>\n","protected":false},"author":1,"featured_media":0,"parent":0,"menu_order":0,"comment_status":"closed","ping_status":"closed","template":"","meta":{"advanced_seo_description":"","jetpack_seo_html_title":"","jetpack_seo_noindex":false,"ocean_post_layout":"full-width","ocean_both_sidebars_style":"","ocean_both_sidebars_content_width":0,"ocean_both_sidebars_sidebars_width":0,"ocean_sidebar":"","ocean_second_sidebar":"","ocean_disable_margins":"enable","ocean_add_body_class":"","ocean_shortcode_before_top_bar":"","ocean_shortcode_after_top_bar":"","ocean_shortcode_before_header":"","ocean_shortcode_after_header":"","ocean_has_shortcode":"","ocean_shortcode_after_title":"","ocean_shortcode_before_footer_widgets":"","ocean_shortcode_after_footer_widgets":"","ocean_shortcode_before_footer_bottom":"","ocean_shortcode_after_footer_bottom":"","ocean_display_top_bar":"default","ocean_display_header":"default","ocean_header_style":"","ocean_center_header_left_menu":"","ocean_custom_header_template":"","ocean_custom_logo":0,"ocean_custom_retina_logo":0,"ocean_custom_logo_max_width":0,"ocean_custom_logo_tablet_max_width":0,"ocean_custom_logo_mobile_max_width":0,"ocean_custom_logo_max_height":0,"ocean_custom_logo_tablet_max_height":0,"ocean_custom_logo_mobile_max_height":0,"ocean_header_custom_menu":"","ocean_menu_typo_font_family":"","ocean_menu_typo_font_subset":"","ocean_menu_typo_font_size":0,"ocean_menu_typo_font_size_tablet":0,"ocean_menu_typo_font_size_mobile":0,"ocean_menu_typo_font_size_unit":"px","ocean_menu_typo_font_weight":"","ocean_menu_typo_font_weight_tablet":"","ocean_menu_typo_font_weight_mobile":"","ocean_menu_typo_transform":"","ocean_menu_typo_transform_tablet":"","ocean_menu_typo_transform_mobile":"","ocean_menu_typo_line_height":0,"ocean_menu_typo_line_height_tablet":0,"ocean_menu_typo_line_height_mobile":0,"ocean_menu_typo_line_height_unit":"","ocean_menu_typo_spacing":0,"ocean_menu_typo_spacing_tablet":0,"ocean_menu_typo_spacing_mobile":0,"ocean_menu_typo_spacing_unit":"","ocean_menu_link_color":"","ocean_menu_link_color_hover":"","ocean_menu_link_color_active":"","ocean_menu_link_background":"","ocean_menu_link_hover_background":"","ocean_menu_link_active_background":"","ocean_menu_social_links_bg":"","ocean_menu_social_hover_links_bg":"","ocean_menu_social_links_color":"","ocean_menu_social_hover_links_color":"","ocean_disable_title":"on","ocean_disable_heading":"default","ocean_post_title":"","ocean_post_subheading":"","ocean_post_title_style":"","ocean_post_title_background_color":"","ocean_post_title_background":0,"ocean_post_title_bg_image_position":"","ocean_post_title_bg_image_attachment":"","ocean_post_title_bg_image_repeat":"","ocean_post_title_bg_image_size":"","ocean_post_title_height":0,"ocean_post_title_bg_overlay":0.5,"ocean_post_title_bg_overlay_color":"","ocean_disable_breadcrumbs":"default","ocean_breadcrumbs_color":"","ocean_breadcrumbs_separator_color":"","ocean_breadcrumbs_links_color":"","ocean_breadcrumbs_links_hover_color":"","ocean_display_footer_widgets":"default","ocean_display_footer_bottom":"default","ocean_custom_footer_template":"","footnotes":""},"class_list":["post-37","page","type-page","status-publish","hentry","entry","owp-thumbs-layout-horizontal","owp-btn-normal","owp-tabs-layout-horizontal","has-no-thumbnails","has-product-nav"],"jetpack_sharing_enabled":true,"_links":{"self":[{"href":"https:\/\/dissyauxpapilles.fr\/index.php\/wp-json\/wp\/v2\/pages\/37","targetHints":{"allow":["GET"]}}],"collection":[{"href":"https:\/\/dissyauxpapilles.fr\/index.php\/wp-json\/wp\/v2\/pages"}],"about":[{"href":"https:\/\/dissyauxpapilles.fr\/index.php\/wp-json\/wp\/v2\/types\/page"}],"author":[{"embeddable":true,"href":"https:\/\/dissyauxpapilles.fr\/index.php\/wp-json\/wp\/v2\/users\/1"}],"replies":[{"embeddable":true,"href":"https:\/\/dissyauxpapilles.fr\/index.php\/wp-json\/wp\/v2\/comments?post=37"}],"version-history":[{"count":55,"href":"https:\/\/dissyauxpapilles.fr\/index.php\/wp-json\/wp\/v2\/pages\/37\/revisions"}],"predecessor-version":[{"id":379,"href":"https:\/\/dissyauxpapilles.fr\/index.php\/wp-json\/wp\/v2\/pages\/37\/revisions\/379"}],"wp:attachment":[{"href":"https:\/\/dissyauxpapilles.fr\/index.php\/wp-json\/wp\/v2\/media?parent=37"}],"curies":[{"name":"wp","href":"https:\/\/api.w.org\/{rel}","templated":true}]}}