{"id":970,"date":"2025-07-16T17:14:43","date_gmt":"2025-07-16T15:14:43","guid":{"rendered":"https:\/\/dissyauxpapilles.fr\/?post_type=product&#038;p=970"},"modified":"2025-12-09T13:09:05","modified_gmt":"2025-12-09T12:09:05","slug":"pickles-de-courgettes-au-romarin-et-vinaigre-de-cidre","status":"publish","type":"product","link":"https:\/\/dissyauxpapilles.fr\/index.php\/produit\/pickles-de-courgettes-au-romarin-et-vinaigre-de-cidre\/","title":{"rendered":"Pickles de courgettes au romarin et vinaigre de cidre"},"content":{"rendered":"\n<p><strong>Ingr\u00e9dients :<\/strong> courgettes du jardin ou des producteurs bio et locaux, vinaigre de cidre BIO et fran\u00e7ais, eau, sucre de betterave BIO et fran\u00e7ais, romarin du jardin, sel de Camargue.<\/p>\n\n\n\n<p><strong>Allerg\u00e8nes : <\/strong>aucun<\/p>\n\n\n\n<p><strong>Traces \u00e9ventuelles : <\/strong>gluten (bl\u00e9)<\/p>\n\n\n\n<p><strong>Contenance : <\/strong>22,5cl<\/p>\n","protected":false},"excerpt":{"rendered":"<p>Les pickles sont des condiments aigres-doux parfaits pour donner du peps \u00e0 vos ap\u00e9ritifs ! Partagez-les tels quels ou accompagn\u00e9s d&rsquo;un cracker ou d&rsquo;une tartine. Ils viendront aussi colorer vos assiettes et apporter une touche d\u2019originalit\u00e9 \u00e0 vos sandwichs. <br \/>Le petit + : leur marinade d\u00e9glacera \u00e0 merveille vos l\u00e9gumes po\u00eal\u00e9s et vous permettra de revisiter votre classique sauce salade ! <\/p>\n<p>&#8211;\u00a0Pr\u00e9par\u00e9 \u00e0 la main<br \/>&#8211;\u00a0Courgettes et romarin du jardin (Issy-l&rsquo;\u00e9v\u00eaque, 71) ou des producteurs bio et locaux<br \/>&#8211; Vinaigre de cidre bio et fran\u00e7ais<br \/>&#8211; 100% vegan<\/p>\n","protected":false},"featured_media":971,"comment_status":"open","ping_status":"closed","template":"","meta":{"advanced_seo_description":"","jetpack_seo_html_title":"","jetpack_seo_noindex":false,"ocean_post_layout":"","ocean_both_sidebars_style":"","ocean_both_sidebars_content_width":0,"ocean_both_sidebars_sidebars_width":0,"ocean_sidebar":"","ocean_second_sidebar":"","ocean_disable_margins":"enable","ocean_add_body_class":"","ocean_shortcode_before_top_bar":"","ocean_shortcode_after_top_bar":"","ocean_shortcode_before_header":"","ocean_shortcode_after_header":"","ocean_has_shortcode":"","ocean_shortcode_after_title":"","ocean_shortcode_before_footer_widgets":"","ocean_shortcode_after_footer_widgets":"","ocean_shortcode_before_footer_bottom":"","ocean_shortcode_after_footer_bottom":"","ocean_display_top_bar":"default","ocean_display_header":"default","ocean_header_style":"","ocean_center_header_left_menu":"","ocean_custom_header_template":"","ocean_custom_logo":0,"ocean_custom_retina_logo":0,"ocean_custom_logo_max_width":0,"ocean_custom_logo_tablet_max_width":0,"ocean_custom_logo_mobile_max_width":0,"ocean_custom_logo_max_height":0,"ocean_custom_logo_tablet_max_height":0,"ocean_custom_logo_mobile_max_height":0,"ocean_header_custom_menu":"","ocean_menu_typo_font_family":"","ocean_menu_typo_font_subset":"","ocean_menu_typo_font_size":0,"ocean_menu_typo_font_size_tablet":0,"ocean_menu_typo_font_size_mobile":0,"ocean_menu_typo_font_size_unit":"px","ocean_menu_typo_font_weight":"","ocean_menu_typo_font_weight_tablet":"","ocean_menu_typo_font_weight_mobile":"","ocean_menu_typo_transform":"","ocean_menu_typo_transform_tablet":"","ocean_menu_typo_transform_mobile":"","ocean_menu_typo_line_height":0,"ocean_menu_typo_line_height_tablet":0,"ocean_menu_typo_line_height_mobile":0,"ocean_menu_typo_line_height_unit":"","ocean_menu_typo_spacing":0,"ocean_menu_typo_spacing_tablet":0,"ocean_menu_typo_spacing_mobile":0,"ocean_menu_typo_spacing_unit":"","ocean_menu_link_color":"","ocean_menu_link_color_hover":"","ocean_menu_link_color_active":"","ocean_menu_link_background":"","ocean_menu_link_hover_background":"","ocean_menu_link_active_background":"","ocean_menu_social_links_bg":"","ocean_menu_social_hover_links_bg":"","ocean_menu_social_links_color":"","ocean_menu_social_hover_links_color":"","ocean_disable_title":"default","ocean_disable_heading":"default","ocean_post_title":"","ocean_post_subheading":"","ocean_post_title_style":"","ocean_post_title_background_color":"","ocean_post_title_background":0,"ocean_post_title_bg_image_position":"","ocean_post_title_bg_image_attachment":"","ocean_post_title_bg_image_repeat":"","ocean_post_title_bg_image_size":"","ocean_post_title_height":0,"ocean_post_title_bg_overlay":0.5,"ocean_post_title_bg_overlay_color":"","ocean_disable_breadcrumbs":"default","ocean_breadcrumbs_color":"","ocean_breadcrumbs_separator_color":"","ocean_breadcrumbs_links_color":"","ocean_breadcrumbs_links_hover_color":"","ocean_display_footer_widgets":"default","ocean_display_footer_bottom":"default","ocean_custom_footer_template":""},"product_brand":[],"product_cat":[34,16,35],"product_tag":[],"class_list":{"0":"post-970","1":"product","2":"type-product","3":"status-publish","4":"has-post-thumbnail","6":"product_cat-dissy-aux-papilles","7":"product_cat-non-classe","8":"product_cat-pickles","10":"entry","11":"has-media","13":"first","14":"instock","15":"shipping-taxable","16":"purchasable","17":"product-type-simple","18":"has-product-nav","19":"col","20":"span_1_of_3","21":"owp-content-center","22":"owp-thumbs-layout-horizontal","23":"owp-btn-normal","24":"owp-tabs-layout-horizontal","25":"has-no-thumbnails"},"jetpack_sharing_enabled":true,"_links":{"self":[{"href":"https:\/\/dissyauxpapilles.fr\/index.php\/wp-json\/wp\/v2\/product\/970","targetHints":{"allow":["GET"]}}],"collection":[{"href":"https:\/\/dissyauxpapilles.fr\/index.php\/wp-json\/wp\/v2\/product"}],"about":[{"href":"https:\/\/dissyauxpapilles.fr\/index.php\/wp-json\/wp\/v2\/types\/product"}],"replies":[{"embeddable":true,"href":"https:\/\/dissyauxpapilles.fr\/index.php\/wp-json\/wp\/v2\/comments?post=970"}],"wp:featuredmedia":[{"embeddable":true,"href":"https:\/\/dissyauxpapilles.fr\/index.php\/wp-json\/wp\/v2\/media\/971"}],"wp:attachment":[{"href":"https:\/\/dissyauxpapilles.fr\/index.php\/wp-json\/wp\/v2\/media?parent=970"}],"wp:term":[{"taxonomy":"product_brand","embeddable":true,"href":"https:\/\/dissyauxpapilles.fr\/index.php\/wp-json\/wp\/v2\/product_brand?post=970"},{"taxonomy":"product_cat","embeddable":true,"href":"https:\/\/dissyauxpapilles.fr\/index.php\/wp-json\/wp\/v2\/product_cat?post=970"},{"taxonomy":"product_tag","embeddable":true,"href":"https:\/\/dissyauxpapilles.fr\/index.php\/wp-json\/wp\/v2\/product_tag?post=970"}],"curies":[{"name":"wp","href":"https:\/\/api.w.org\/{rel}","templated":true}]}}